{"id":49088,"date":"2018-11-14T04:03:47","date_gmt":"2018-11-14T02:03:47","guid":{"rendered":"https:\/\/abilis.ee\/product\/weber-m100-600\/"},"modified":"2021-08-03T09:33:51","modified_gmt":"2021-08-03T06:33:51","slug":"weber-m100-600","status":"publish","type":"product","link":"https:\/\/abilis.ee\/en\/product\/weber-m100-600\/","title":{"rendered":"weber M100\/600"},"content":{"rendered":"<p>M\u00fc\u00fcrisegu kivimaterjalidest (Fibo, betoonplokk, poorbetoonplokk, tellised jms) m\u00fc\u00fcride ladumiseks.<\/p>\n<p><\/p>\n<p>Toode ei sisalda aluse hinda. M\u00fc\u00fcme kuivsegude aluseid tootele lisaks hinnaga 2,50 eur\/tk. + km.<\/p>\n","protected":false},"excerpt":{"rendered":"<p>1000 kg<\/p>\n","protected":false},"featured_media":48374,"comment_status":"closed","ping_status":"closed","template":"","meta":[],"product_brand":[],"product_cat":[42795,42821],"product_tag":[],"class_list":{"0":"post-49088","1":"product","2":"type-product","3":"status-publish","4":"has-post-thumbnail","6":"product_cat-building-materials","7":"product_cat-building-mixtures","9":"first","10":"instock","11":"taxable","12":"shipping-taxable","13":"purchasable","14":"product-type-simple"},"_links":{"self":[{"href":"https:\/\/abilis.ee\/en\/wp-json\/wp\/v2\/product\/49088","targetHints":{"allow":["GET"]}}],"collection":[{"href":"https:\/\/abilis.ee\/en\/wp-json\/wp\/v2\/product"}],"about":[{"href":"https:\/\/abilis.ee\/en\/wp-json\/wp\/v2\/types\/product"}],"replies":[{"embeddable":true,"href":"https:\/\/abilis.ee\/en\/wp-json\/wp\/v2\/comments?post=49088"}],"wp:featuredmedia":[{"embeddable":true,"href":"https:\/\/abilis.ee\/en\/wp-json\/wp\/v2\/media\/48374"}],"wp:attachment":[{"href":"https:\/\/abilis.ee\/en\/wp-json\/wp\/v2\/media?parent=49088"}],"wp:term":[{"taxonomy":"product_brand","embeddable":true,"href":"https:\/\/abilis.ee\/en\/wp-json\/wp\/v2\/product_brand?post=49088"},{"taxonomy":"product_cat","embeddable":true,"href":"https:\/\/abilis.ee\/en\/wp-json\/wp\/v2\/product_cat?post=49088"},{"taxonomy":"product_tag","embeddable":true,"href":"https:\/\/abilis.ee\/en\/wp-json\/wp\/v2\/product_tag?post=49088"}],"curies":[{"name":"wp","href":"https:\/\/api.w.org\/{rel}","templated":true}]}}