{"id":59809,"date":"2019-10-24T12:29:54","date_gmt":"2019-10-24T09:29:54","guid":{"rendered":"https:\/\/abilis.ee\/?post_type=product&#038;p=59809"},"modified":"2024-07-01T18:00:51","modified_gmt":"2024-07-01T15:00:51","slug":"life-jacket-co2-cylinder-33g","status":"publish","type":"product","link":"https:\/\/abilis.ee\/en\/product\/life-jacket-co2-cylinder-33g\/","title":{"rendered":"Life jacket CO2 cylinder 33g"},"content":{"rendered":"","protected":false},"excerpt":{"rendered":"<p>Iset\u00e4ituvale p\u00e4\u00e4stevestile 33g CO2 balloon<\/p>\n","protected":false},"featured_media":84457,"comment_status":"closed","ping_status":"closed","template":"","meta":[],"product_brand":[],"product_cat":[44363,42718],"product_tag":[],"class_list":{"0":"post-59809","1":"product","2":"type-product","3":"status-publish","4":"has-post-thumbnail","6":"product_cat-rescue-equipment","7":"product_cat-marine-supply","9":"first","10":"onbackorder","11":"taxable","12":"shipping-taxable","13":"purchasable","14":"product-type-simple"},"_links":{"self":[{"href":"https:\/\/abilis.ee\/en\/wp-json\/wp\/v2\/product\/59809","targetHints":{"allow":["GET"]}}],"collection":[{"href":"https:\/\/abilis.ee\/en\/wp-json\/wp\/v2\/product"}],"about":[{"href":"https:\/\/abilis.ee\/en\/wp-json\/wp\/v2\/types\/product"}],"replies":[{"embeddable":true,"href":"https:\/\/abilis.ee\/en\/wp-json\/wp\/v2\/comments?post=59809"}],"wp:featuredmedia":[{"embeddable":true,"href":"https:\/\/abilis.ee\/en\/wp-json\/wp\/v2\/media\/84457"}],"wp:attachment":[{"href":"https:\/\/abilis.ee\/en\/wp-json\/wp\/v2\/media?parent=59809"}],"wp:term":[{"taxonomy":"product_brand","embeddable":true,"href":"https:\/\/abilis.ee\/en\/wp-json\/wp\/v2\/product_brand?post=59809"},{"taxonomy":"product_cat","embeddable":true,"href":"https:\/\/abilis.ee\/en\/wp-json\/wp\/v2\/product_cat?post=59809"},{"taxonomy":"product_tag","embeddable":true,"href":"https:\/\/abilis.ee\/en\/wp-json\/wp\/v2\/product_tag?post=59809"}],"curies":[{"name":"wp","href":"https:\/\/api.w.org\/{rel}","templated":true}]}}