{"id":66698,"date":"2020-04-06T15:06:16","date_gmt":"2020-04-06T12:06:17","guid":{"rendered":"https:\/\/abilis.ee\/?post_type=product&#038;p=66698"},"modified":"2025-03-10T16:47:35","modified_gmt":"2025-03-10T14:47:35","slug":"uhekomponendiline-veega-lahustatav-mooblilakk-akruuldispersiooni-baasil-luoten-luoten-m","status":"publish","type":"product","link":"https:\/\/abilis.ee\/en\/product\/uhekomponendiline-veega-lahustatav-mooblilakk-akruuldispersiooni-baasil-luoten-luoten-m\/","title":{"rendered":"\u00dchekomponendiline, veega lahustatav m\u00f6\u00f6blilakk akr\u00fc\u00fcldispersiooni baasil LUOTEN, LUOTEN M"},"content":{"rendered":"<div class=\"woocommerce-tabs wc-tabs-wrapper container tabbed-content\">\n<div class=\"tab-panels\">\n<div id=\"tab-description\" class=\"woocommerce-Tabs-panel woocommerce-Tabs-panel--description panel entry-content active\" role=\"tabpanel\" aria-labelledby=\"tab-title-description\">\n<h1>\u00dchekomponendiline, veega lahustatav m\u00f6\u00f6blilakk akr\u00fc\u00fcldispersiooni baasil LUOTEN, LUOTEN M<\/h1>\n<p><span style=\"color: #ed1c24;\"><strong>We do not ship varnishes to parcel machines.<\/strong><\/span><\/p>\n<\/div>\n<\/div>\n<\/div>\n<div class=\"related related-products-wrapper product-section\"><\/div>\n","protected":false},"excerpt":{"rendered":"<p>\u00dchekomponendiline, veega lahustatav m\u00f6\u00f6blilakk akr\u00fc\u00fcldispersiooni baasil LUOTEN, LUOTEN M We do not ship varnishes to parcel machines.<\/p>\n","protected":false},"featured_media":82393,"comment_status":"closed","ping_status":"closed","template":"","meta":[],"product_brand":[],"product_cat":[42795,45396,47375],"product_tag":[],"class_list":{"0":"post-66698","1":"product","2":"type-product","3":"status-publish","4":"has-post-thumbnail","6":"product_cat-building-materials","7":"product_cat-paints-and-varnishes","8":"product_cat-rilak-en","10":"first","11":"onbackorder","12":"taxable","13":"shipping-taxable","14":"purchasable","15":"product-type-variable"},"_links":{"self":[{"href":"https:\/\/abilis.ee\/en\/wp-json\/wp\/v2\/product\/66698","targetHints":{"allow":["GET"]}}],"collection":[{"href":"https:\/\/abilis.ee\/en\/wp-json\/wp\/v2\/product"}],"about":[{"href":"https:\/\/abilis.ee\/en\/wp-json\/wp\/v2\/types\/product"}],"replies":[{"embeddable":true,"href":"https:\/\/abilis.ee\/en\/wp-json\/wp\/v2\/comments?post=66698"}],"wp:featuredmedia":[{"embeddable":true,"href":"https:\/\/abilis.ee\/en\/wp-json\/wp\/v2\/media\/82393"}],"wp:attachment":[{"href":"https:\/\/abilis.ee\/en\/wp-json\/wp\/v2\/media?parent=66698"}],"wp:term":[{"taxonomy":"product_brand","embeddable":true,"href":"https:\/\/abilis.ee\/en\/wp-json\/wp\/v2\/product_brand?post=66698"},{"taxonomy":"product_cat","embeddable":true,"href":"https:\/\/abilis.ee\/en\/wp-json\/wp\/v2\/product_cat?post=66698"},{"taxonomy":"product_tag","embeddable":true,"href":"https:\/\/abilis.ee\/en\/wp-json\/wp\/v2\/product_tag?post=66698"}],"curies":[{"name":"wp","href":"https:\/\/api.w.org\/{rel}","templated":true}]}}