{"id":88031,"date":"2023-11-28T11:58:21","date_gmt":"2023-11-28T09:58:21","guid":{"rendered":"https:\/\/abilis.ee\/product\/rego-500-ve-rego-500-he-domekt-r-500-v-air-filter\/"},"modified":"2023-11-29T11:36:46","modified_gmt":"2023-11-29T09:36:46","slug":"rego-500-ve-rego-500-he-domekt-r-500-v-air-filter","status":"publish","type":"product","link":"https:\/\/abilis.ee\/en\/product\/rego-500-ve-rego-500-he-domekt-r-500-v-air-filter\/","title":{"rendered":"Rego 500 VE\/ Rego 500 HE Domekt (R 500 V) air filter"},"content":{"rendered":"<p>Kasutame oma toodetes mitmekihilist (progresseeruvat) klaaskiud filtermaterjali, mis tagab madala r\u00f5hukao ja suure tolmukogumise v\u00f5ime. Tolmuse \u00f5hu sisenemise poolel on filtermaterjali kiud suuremad ja see pool salvestab endasse suuremaid tolmuosakesi. Sisemistes kihtides filtermaterjali kiud muutuvad v\u00e4iksemaks ja seovad endasse v\u00e4iksemaid tolmuosakesi. Sellised filtermaterjali omadused tagavad pika eluea ja madalamad energiakulud.<\/p>\n<p>Ventilatsiooniagregaadi kasutatavat energiat s\u00e4\u00e4stame ka originaalist suurema filtermaterjali pindala paigutamisega teie filtritesse. Suurem pindala tagab v\u00e4iksema takistuse ja seet\u00f5ttu peavad ventilaatorid \u00f5hu liigutamiseks v\u00e4hem t\u00f6\u00f6d tegema.<\/p>\n<p>Klaaskiud materjal on v\u00e4ga hea niiskuskindlusega ja sellest tulenevalt parim materjal kasutamiseks Eesti niiskes kliimas.<\/p>\n<p>Filtrid vastavad Euroopa standarditele EVS-EN ISO16890<\/p>\n<p>&nbsp;<\/p>\n<p>&nbsp;<\/p>\n<p>&nbsp;<\/p>\n<table width=\"676\">\n<tbody>\n<tr>\n<td width=\"407\">ePM1 55% 260 540 46\u00a0\u00a0 (1)\u00a0 ePM10 55% 260 540 46\u00a0\u00a0 (1)<\/td>\n<td width=\"269\">Domekt R 500 V (K005)<\/td>\n<\/tr>\n<tr>\n<td width=\"407\">ePM1 55% 260 540 46\u00a0\u00a0 (1)\u00a0 ePM10 55% 260 540 46\u00a0\u00a0 (1)<\/td>\n<td width=\"269\">Domekt R 500 H (K005)<\/td>\n<\/tr>\n<\/tbody>\n<\/table>\n","protected":false},"excerpt":{"rendered":"<p>265 \u00d7 545 \u00d7 95 mm<\/p>\n<p>&nbsp;<\/p>\n<p><strong>The set includes:<\/strong><br \/>\nePM1 55% 540 mm*260 mm*46 mm panel filter &#8211; 1 pc<br \/>\nePM10 55% 540 mm*260 mm*46 mm panel filter &#8211; 1 pc<\/p>\n<p>&nbsp;<\/p>\n<p><strong>Package dimensions:<\/strong><br \/>\nLength: 265 mm<br \/>\nWidth: 545 mm<br \/>\nHeight: 95 mm<\/p>\n","protected":false},"featured_media":88012,"comment_status":"closed","ping_status":"closed","template":"","meta":[],"product_brand":[],"product_cat":[50890,48136,50887],"product_tag":[],"class_list":{"0":"post-88031","1":"product","2":"type-product","3":"status-publish","4":"has-post-thumbnail","6":"product_cat-air-filters","7":"product_cat-home-goods","8":"product_cat-water-air-and-oil-filters","10":"first","11":"onbackorder","12":"taxable","13":"shipping-taxable","14":"purchasable","15":"product-type-simple"},"_links":{"self":[{"href":"https:\/\/abilis.ee\/en\/wp-json\/wp\/v2\/product\/88031","targetHints":{"allow":["GET"]}}],"collection":[{"href":"https:\/\/abilis.ee\/en\/wp-json\/wp\/v2\/product"}],"about":[{"href":"https:\/\/abilis.ee\/en\/wp-json\/wp\/v2\/types\/product"}],"replies":[{"embeddable":true,"href":"https:\/\/abilis.ee\/en\/wp-json\/wp\/v2\/comments?post=88031"}],"wp:featuredmedia":[{"embeddable":true,"href":"https:\/\/abilis.ee\/en\/wp-json\/wp\/v2\/media\/88012"}],"wp:attachment":[{"href":"https:\/\/abilis.ee\/en\/wp-json\/wp\/v2\/media?parent=88031"}],"wp:term":[{"taxonomy":"product_brand","embeddable":true,"href":"https:\/\/abilis.ee\/en\/wp-json\/wp\/v2\/product_brand?post=88031"},{"taxonomy":"product_cat","embeddable":true,"href":"https:\/\/abilis.ee\/en\/wp-json\/wp\/v2\/product_cat?post=88031"},{"taxonomy":"product_tag","embeddable":true,"href":"https:\/\/abilis.ee\/en\/wp-json\/wp\/v2\/product_tag?post=88031"}],"curies":[{"name":"wp","href":"https:\/\/api.w.org\/{rel}","templated":true}]}}