{"id":94206,"date":"2025-08-05T12:18:31","date_gmt":"2025-08-05T09:18:31","guid":{"rendered":"https:\/\/abilis.ee\/?post_type=product&#038;p=94206"},"modified":"2025-08-05T13:13:24","modified_gmt":"2025-08-05T10:13:24","slug":"hermeetik-birkosit","status":"publish","type":"product","link":"https:\/\/abilis.ee\/en\/product\/hermeetik-birkosit\/","title":{"rendered":"Hermeetik BIRKOSIT"},"content":{"rendered":"<h1 data-start=\"83\" data-end=\"200\">Hermeetik BIRKOSIT<\/h1>\n<p data-start=\"83\" data-end=\"200\"><strong data-start=\"83\" data-end=\"97\">Kirjeldus:<\/strong><br data-start=\"97\" data-end=\"100\" \/><strong data-start=\"100\" data-end=\"127\">BIRKOSIT Dichtungskitt\u00ae<\/strong> hermeetik on \u00fchekordne tihenduspasta, punakaspruuni v\u00e4rvusega, mis j\u00e4\u00e4b elastseks.<\/p>\n<p data-start=\"202\" data-end=\"306\"><strong data-start=\"202\" data-end=\"226\">Temperatuuritaluvus:<\/strong><br data-start=\"226\" data-end=\"229\" \/>Kuni 900\u202f\u00b0C. Talub \u00fclekuumutatud auru, vett, \u00f5hku, \u00f5lisid ja keemilisi gaase.<\/p>\n<p data-start=\"308\" data-end=\"326\"><strong data-start=\"308\" data-end=\"324\">R\u00f5hukindlus:<\/strong><\/p>\n<ul data-start=\"327\" data-end=\"441\">\n<li data-start=\"327\" data-end=\"360\">\n<p data-start=\"329\" data-end=\"360\">Kuni 250 bar tihenduspindadel<\/p>\n<\/li>\n<li data-start=\"361\" data-end=\"402\">\n<p data-start=\"363\" data-end=\"402\">Kuni 450 bar \u00e4\u00e4rikutel ilma tihendita<\/p>\n<\/li>\n<li data-start=\"403\" data-end=\"441\">\n<p data-start=\"405\" data-end=\"441\">Kuni 550 bar keermestatud \u00fchendustel<\/p>\n<\/li>\n<\/ul>\n<p data-start=\"443\" data-end=\"549\"><strong data-start=\"443\" data-end=\"465\">Kasutusvaldkonnad:<\/strong><br data-start=\"465\" data-end=\"468\" \/>Auruturbiinid, gaasiturbiinid, pumbad, ventiilid, k\u00e4igukastid, laevamootorid jne.<\/p>\n<p data-start=\"551\" data-end=\"682\"><strong data-start=\"551\" data-end=\"569\">Pealekandmine:<\/strong><br data-start=\"569\" data-end=\"572\" \/>Kanda kuivale pinnale 0,2\u20130,3 mm kihina pintsliga v\u00f5i spaatliga. Saab kohe koormata. Piiramatu kokkupanekuaeg.<\/p>\n<p data-start=\"684\" data-end=\"716\"><strong data-start=\"684\" data-end=\"714\">Kasutusiga ja s\u00e4ilivusaeg:<\/strong><\/p>\n<ul data-start=\"717\" data-end=\"818\">\n<li data-start=\"717\" data-end=\"745\">\n<p data-start=\"719\" data-end=\"745\">Kuni 10 aastat kasutuses<\/p>\n<\/li>\n<li data-start=\"746\" data-end=\"774\">\n<p data-start=\"748\" data-end=\"774\">S\u00e4ilib 5 aastat suletuna<\/p>\n<\/li>\n<li data-start=\"775\" data-end=\"818\">\n<p data-start=\"777\" data-end=\"818\">3 aastat avatuna, kui korralikult suletud<\/p>\n<\/li>\n<\/ul>\n","protected":false},"excerpt":{"rendered":"<p>Hermeetik BIRKOSIT Kirjeldus:BIRKOSIT Dichtungskitt\u00ae hermeetik on \u00fchekordne tihenduspasta, punakaspruuni v\u00e4rvusega, mis j\u00e4\u00e4b elastseks. Temperatuuritaluvus:Kuni 900\u202f\u00b0C. Talub \u00fclekuumutatud auru, vett, \u00f5hku, \u00f5lisid ja keemilisi gaase. R\u00f5hukindlus: Kuni 250 bar tihenduspindadel Kuni 450 bar \u00e4\u00e4rikutel ilma tihendita Kuni 550 bar keermestatud \u00fchendustel Kasutusvaldkonnad:Auruturbiinid, gaasiturbiinid, pumbad, ventiilid, k\u00e4igukastid, laevamootorid jne. Pealekandmine:Kanda kuivale pinnale 0,2\u20130,3 mm kihina pintsliga v\u00f5i [&#8230;]\n","protected":false},"featured_media":94207,"comment_status":"closed","ping_status":"closed","template":"","meta":[],"product_brand":[],"product_cat":[51237,48772,42723],"product_tag":[],"class_list":{"0":"post-94206","1":"product","2":"type-product","3":"status-publish","4":"has-post-thumbnail","6":"product_cat-birkosit","7":"product_cat-mere-varvid-lakid-keemia","8":"product_cat-laevavarustus","10":"first","11":"onbackorder","12":"taxable","13":"shipping-taxable","14":"purchasable","15":"product-type-simple"},"_links":{"self":[{"href":"https:\/\/abilis.ee\/en\/wp-json\/wp\/v2\/product\/94206","targetHints":{"allow":["GET"]}}],"collection":[{"href":"https:\/\/abilis.ee\/en\/wp-json\/wp\/v2\/product"}],"about":[{"href":"https:\/\/abilis.ee\/en\/wp-json\/wp\/v2\/types\/product"}],"replies":[{"embeddable":true,"href":"https:\/\/abilis.ee\/en\/wp-json\/wp\/v2\/comments?post=94206"}],"wp:featuredmedia":[{"embeddable":true,"href":"https:\/\/abilis.ee\/en\/wp-json\/wp\/v2\/media\/94207"}],"wp:attachment":[{"href":"https:\/\/abilis.ee\/en\/wp-json\/wp\/v2\/media?parent=94206"}],"wp:term":[{"taxonomy":"product_brand","embeddable":true,"href":"https:\/\/abilis.ee\/en\/wp-json\/wp\/v2\/product_brand?post=94206"},{"taxonomy":"product_cat","embeddable":true,"href":"https:\/\/abilis.ee\/en\/wp-json\/wp\/v2\/product_cat?post=94206"},{"taxonomy":"product_tag","embeddable":true,"href":"https:\/\/abilis.ee\/en\/wp-json\/wp\/v2\/product_tag?post=94206"}],"curies":[{"name":"wp","href":"https:\/\/api.w.org\/{rel}","templated":true}]}}