{"id":94625,"date":"2025-09-29T14:02:11","date_gmt":"2025-09-29T11:02:11","guid":{"rendered":"https:\/\/abilis.ee\/?post_type=product&#038;p=94625"},"modified":"2026-01-05T16:52:57","modified_gmt":"2026-01-05T14:52:57","slug":"torukoorik-ppe-al","status":"publish","type":"product","link":"https:\/\/abilis.ee\/en\/product\/torukoorik-ppe-al\/","title":{"rendered":"AL Torukoorik PPE-AL"},"content":{"rendered":"<h1 data-start=\"92\" data-end=\"408\">Torukoorik PPE-AL<\/h1>\n<p data-start=\"92\" data-end=\"408\">Torukoorik PPE-AL on metall-pol\u00fcmeerkombinatsiooniga kaitsekanal, mis koosneb sisemisest alumiiniumist voolikust ja v\u00e4liskattega pol\u00fcet\u00fcleenist (PE). Sobib kasutamiseks vaakumi-, gaasi- v\u00f5i veetorustikes ning kaitseb torusid mehaaniliste kahjustuste, korrosiooni ja UV-kiirguse eest.<\/p>\n<p data-start=\"410\" data-end=\"444\"><strong data-start=\"410\" data-end=\"442\">Tehnilised andmed \/ omadused<\/strong><\/p>\n<ul data-start=\"445\" data-end=\"750\">\n<li data-start=\"445\" data-end=\"467\">\n<p data-start=\"447\" data-end=\"467\">T\u00fc\u00fcp: PPE-AL<\/p>\n<\/li>\n<li data-start=\"468\" data-end=\"485\">\n<p data-start=\"470\" data-end=\"485\">Pikkus: 2,0 m<\/p>\n<\/li>\n<li data-start=\"486\" data-end=\"520\">\n<p data-start=\"488\" data-end=\"520\">Materjal: alumiinium + PE-kate<\/p>\n<\/li>\n<li data-start=\"521\" data-end=\"571\">\n<p data-start=\"523\" data-end=\"571\">Tugevus: vastupidav mehaanilistele koormustele<\/p>\n<\/li>\n<li data-start=\"572\" data-end=\"628\">\n<p data-start=\"574\" data-end=\"628\">Kaitse: korrosioon, mehaaniline kulumine, UV-kiirgus<\/p>\n<\/li>\n<li data-start=\"629\" data-end=\"679\">\n<p data-start=\"631\" data-end=\"679\">Paigaldus: fikseerimine klambrite v\u00f5i sidemega<\/p>\n<\/li>\n<li data-start=\"680\" data-end=\"750\">\n<p data-start=\"682\" data-end=\"750\">Kasutusvaldkonnad: k\u00fctte-, jahutus-, ventilatsiooni- ja torustikud<\/p>\n<\/li>\n<\/ul>\n","protected":false},"excerpt":{"rendered":"<p>Torukoorik PPE-AL Torukoorik PPE-AL on metall-pol\u00fcmeerkombinatsiooniga kaitsekanal, mis koosneb sisemisest alumiiniumist voolikust ja v\u00e4liskattega pol\u00fcet\u00fcleenist (PE). Sobib kasutamiseks vaakumi-, gaasi- v\u00f5i veetorustikes ning kaitseb torusid mehaaniliste kahjustuste, korrosiooni ja UV-kiirguse eest. Tehnilised andmed \/ omadused T\u00fc\u00fcp: PPE-AL Pikkus: 2,0 m Materjal: alumiinium + PE-kate Tugevus: vastupidav mehaanilistele koormustele Kaitse: korrosioon, mehaaniline kulumine, UV-kiirgus Paigaldus: fikseerimine [&#8230;]\n","protected":false},"featured_media":94668,"comment_status":"closed","ping_status":"closed","template":"","meta":[],"product_brand":[],"product_cat":[48130,42794,42822],"product_tag":[],"class_list":{"0":"post-94625","1":"product","2":"type-product","3":"status-publish","4":"has-post-thumbnail","6":"product_cat-torukoorikud","7":"product_cat-ehitusmaterjalid","8":"product_cat-soojus-ja-heliisolatsioonide-materjalid","10":"first","11":"instock","12":"taxable","13":"shipping-taxable","14":"purchasable","15":"product-type-variable"},"_links":{"self":[{"href":"https:\/\/abilis.ee\/en\/wp-json\/wp\/v2\/product\/94625","targetHints":{"allow":["GET"]}}],"collection":[{"href":"https:\/\/abilis.ee\/en\/wp-json\/wp\/v2\/product"}],"about":[{"href":"https:\/\/abilis.ee\/en\/wp-json\/wp\/v2\/types\/product"}],"replies":[{"embeddable":true,"href":"https:\/\/abilis.ee\/en\/wp-json\/wp\/v2\/comments?post=94625"}],"wp:featuredmedia":[{"embeddable":true,"href":"https:\/\/abilis.ee\/en\/wp-json\/wp\/v2\/media\/94668"}],"wp:attachment":[{"href":"https:\/\/abilis.ee\/en\/wp-json\/wp\/v2\/media?parent=94625"}],"wp:term":[{"taxonomy":"product_brand","embeddable":true,"href":"https:\/\/abilis.ee\/en\/wp-json\/wp\/v2\/product_brand?post=94625"},{"taxonomy":"product_cat","embeddable":true,"href":"https:\/\/abilis.ee\/en\/wp-json\/wp\/v2\/product_cat?post=94625"},{"taxonomy":"product_tag","embeddable":true,"href":"https:\/\/abilis.ee\/en\/wp-json\/wp\/v2\/product_tag?post=94625"}],"curies":[{"name":"wp","href":"https:\/\/api.w.org\/{rel}","templated":true}]}}