{"id":94956,"date":"2025-11-11T12:21:38","date_gmt":"2025-11-11T10:21:38","guid":{"rendered":"https:\/\/abilis.ee\/?post_type=product&#038;p=94956"},"modified":"2025-11-11T12:33:21","modified_gmt":"2025-11-11T10:33:21","slug":"magnetkontaktor-vahelduvvool-lululiti-lc1d50ap7-230vac-kontaktor-50a-schneider","status":"publish","type":"product","link":"https:\/\/abilis.ee\/en\/product\/magnetkontaktor-vahelduvvool-lululiti-lc1d50ap7-230vac-kontaktor-50a-schneider\/","title":{"rendered":"Magnetkontaktor, vahelduvvool lul\u00fcliti LC1D50AP7 230VAC KONTAKTOR 50A SCHNEIDER"},"content":{"rendered":"<h1>Magnetkontaktor, vahelduvvool lul\u00fcliti LC1D50AP7 230VAC KONTAKTOR 50A SCHNEIDER<\/h1>\n<ul>\n<li>Juhtahela tunnus-toitepinge Us vahelduvvoolul AC 50HZ:\u00a0230 \u2013 230 V<\/li>\n<li>Juhtahela tunnus-toitepinge Us vahelduvvoolul AC 60HZ:\u00a0230 \u2013 230 V<\/li>\n<li>Aktiveerimisvoolu liik:\u00a0AC<\/li>\n<li>Nimik\u00e4itusvool AC-1. 400 V juures: 80\u00a0A<\/li>\n<li>Nimik\u00e4itusvool AC-3. 400 V juures: 50\u00a0A<\/li>\n<li>Nimi k\u00e4itusv\u00f5imsus AC-3. 400 V juures: 22\u00a0kW<\/li>\n<li>Nimit\u00f6\u00f6vool AC-4. 400 V korral: 25\u00a0A<\/li>\n<li>Nimit\u00f6\u00f6vool AC-4. 400 V korral: 11\u00a0kW<\/li>\n<li>Tavaoludes avatud olekus olevate Aux-kontaktide hulk:\u00a01<\/li>\n<li>Tavaoludes suletud olekus olevate Aux-kontaktide hulk:\u00a01<\/li>\n<li>Peavooluahela \u00fchenduse t\u00fc\u00fcp:\u00a0Kruvi\u00fchendus<\/li>\n<li>Tavaoludes avatud olekus olevate peakontaktide hulk:\u00a03<\/li>\n<\/ul>\n","protected":false},"excerpt":{"rendered":"<p>Magnetkontaktor, vahelduvvool lul\u00fcliti LC1D50AP7 230VAC KONTAKTOR 50A SCHNEIDER Juhtahela tunnus-toitepinge Us vahelduvvoolul AC 50HZ:\u00a0230 \u2013 230 V Juhtahela tunnus-toitepinge Us vahelduvvoolul AC 60HZ:\u00a0230 \u2013 230 V Aktiveerimisvoolu liik:\u00a0AC Nimik\u00e4itusvool AC-1. 400 V juures: 80\u00a0A Nimik\u00e4itusvool AC-3. 400 V juures: 50\u00a0A Nimi k\u00e4itusv\u00f5imsus AC-3. 400 V juures: 22\u00a0kW Nimit\u00f6\u00f6vool AC-4. 400 V korral: 25\u00a0A Nimit\u00f6\u00f6vool AC-4. [&#8230;]\n","protected":false},"featured_media":94957,"comment_status":"closed","ping_status":"closed","template":"","meta":[],"product_brand":[],"product_cat":[50919,42794],"product_tag":[],"class_list":{"0":"post-94956","1":"product","2":"type-product","3":"status-publish","4":"has-post-thumbnail","6":"product_cat-elektrikaubad","7":"product_cat-ehitusmaterjalid","9":"first","10":"instock","11":"taxable","12":"shipping-taxable","13":"purchasable","14":"product-type-simple"},"_links":{"self":[{"href":"https:\/\/abilis.ee\/en\/wp-json\/wp\/v2\/product\/94956","targetHints":{"allow":["GET"]}}],"collection":[{"href":"https:\/\/abilis.ee\/en\/wp-json\/wp\/v2\/product"}],"about":[{"href":"https:\/\/abilis.ee\/en\/wp-json\/wp\/v2\/types\/product"}],"replies":[{"embeddable":true,"href":"https:\/\/abilis.ee\/en\/wp-json\/wp\/v2\/comments?post=94956"}],"wp:featuredmedia":[{"embeddable":true,"href":"https:\/\/abilis.ee\/en\/wp-json\/wp\/v2\/media\/94957"}],"wp:attachment":[{"href":"https:\/\/abilis.ee\/en\/wp-json\/wp\/v2\/media?parent=94956"}],"wp:term":[{"taxonomy":"product_brand","embeddable":true,"href":"https:\/\/abilis.ee\/en\/wp-json\/wp\/v2\/product_brand?post=94956"},{"taxonomy":"product_cat","embeddable":true,"href":"https:\/\/abilis.ee\/en\/wp-json\/wp\/v2\/product_cat?post=94956"},{"taxonomy":"product_tag","embeddable":true,"href":"https:\/\/abilis.ee\/en\/wp-json\/wp\/v2\/product_tag?post=94956"}],"curies":[{"name":"wp","href":"https:\/\/api.w.org\/{rel}","templated":true}]}}