{"id":96618,"date":"2026-02-11T13:07:37","date_gmt":"2026-02-11T11:07:37","guid":{"rendered":"https:\/\/abilis.ee\/?post_type=product&#038;p=96618"},"modified":"2026-02-11T13:10:53","modified_gmt":"2026-02-11T11:10:53","slug":"elga-cromarod-316l-stainless-steel-electrode-127kg","status":"publish","type":"product","link":"https:\/\/abilis.ee\/en\/product\/elga-cromarod-316l-stainless-steel-electrode-127kg\/","title":{"rendered":"Elga Cromarod 316L Stainless Steel Electrode 1,27kg"},"content":{"rendered":"<h1>Elga Cromarod 316L Stainless Steel Electrode 1,27kg<\/h1>\n<div>Cromarod 316L is a rutile flux-coated AC\/DC electrode intended for welding low carbon, molybdenum alloyed, acid-resisting austenitic stainless steels of similar composition (316L). Operability is excellent with a smooth low spatter arc producing an exceptionally good weld bead appearance. Fillet welds have a smooth surface, slightly concave profile with excellent toe line blend-in and self-releasing slag. The electrode is all positional up to and including a 3.25mm diameter. Cromarod 316L is suitable for welding normal carbon 316 type grades and also Nb or Ti stabilised steels, provided service temperatures are below 400\u00b0c.<\/div>\n<div><\/div>\n<div>Mol\u00fcbdeeniga legeeritud, happele vastupidava 316L roostevaba sarnase koostisega terase keevitamiseks.<\/div>\n<div>Sobib ka tavaliste s\u00fcsiniku 316 klasside ja Nb v\u00f5i Ti stabiliseeritud teraste keevitamiseks, kui t\u00f6\u00f6temperatuur on alla 400 \u00b0 C.<\/div>\n","protected":false},"excerpt":{"rendered":"<p>Elga Cromarod 316L Stainless Steel Electrode 1,27kg Cromarod 316L is a rutile flux-coated AC\/DC electrode intended for welding low carbon, molybdenum alloyed, acid-resisting austenitic stainless steels of similar composition (316L). Operability is excellent with a smooth low spatter arc producing an exceptionally good weld bead appearance. Fillet welds have a smooth surface, slightly concave profile [&#8230;]\n","protected":false},"featured_media":96616,"comment_status":"closed","ping_status":"closed","template":"","meta":[],"product_brand":[],"product_cat":[42718,50541],"product_tag":[],"class_list":{"0":"post-96618","1":"product","2":"type-product","3":"status-publish","4":"has-post-thumbnail","6":"product_cat-marine-supply","7":"product_cat-welding","9":"first","10":"instock","11":"taxable","12":"shipping-taxable","13":"purchasable","14":"product-type-simple"},"_links":{"self":[{"href":"https:\/\/abilis.ee\/en\/wp-json\/wp\/v2\/product\/96618","targetHints":{"allow":["GET"]}}],"collection":[{"href":"https:\/\/abilis.ee\/en\/wp-json\/wp\/v2\/product"}],"about":[{"href":"https:\/\/abilis.ee\/en\/wp-json\/wp\/v2\/types\/product"}],"replies":[{"embeddable":true,"href":"https:\/\/abilis.ee\/en\/wp-json\/wp\/v2\/comments?post=96618"}],"wp:featuredmedia":[{"embeddable":true,"href":"https:\/\/abilis.ee\/en\/wp-json\/wp\/v2\/media\/96616"}],"wp:attachment":[{"href":"https:\/\/abilis.ee\/en\/wp-json\/wp\/v2\/media?parent=96618"}],"wp:term":[{"taxonomy":"product_brand","embeddable":true,"href":"https:\/\/abilis.ee\/en\/wp-json\/wp\/v2\/product_brand?post=96618"},{"taxonomy":"product_cat","embeddable":true,"href":"https:\/\/abilis.ee\/en\/wp-json\/wp\/v2\/product_cat?post=96618"},{"taxonomy":"product_tag","embeddable":true,"href":"https:\/\/abilis.ee\/en\/wp-json\/wp\/v2\/product_tag?post=96618"}],"curies":[{"name":"wp","href":"https:\/\/api.w.org\/{rel}","templated":true}]}}