{"id":98475,"date":"2026-05-08T16:03:17","date_gmt":"2026-05-08T13:03:17","guid":{"rendered":"https:\/\/abilis.ee\/?post_type=product&#038;p=98475"},"modified":"2026-05-08T16:06:46","modified_gmt":"2026-05-08T13:06:46","slug":"cutting-ring-voss-24-vrm-for-o16-pipe","status":"publish","type":"product","link":"https:\/\/abilis.ee\/en\/product\/cutting-ring-voss-24-vrm-for-o16-pipe\/","title":{"rendered":"Cutting ring VOSS 24\u00b0 VRM for \u00d816 pipe"},"content":{"rendered":"<h1>Cutting ring VOSS 24\u00b0 VRM for \u00d816 pipe<\/h1>\n<p>&nbsp;<\/p>\n<div><\/div>\n<div>\n<p>&nbsp;<\/p>\n<\/div>\n<div><\/div>\n<div>\n<div><\/div>\n<div><\/div>\n<div><\/div>\n<\/div>\n","protected":false},"excerpt":{"rendered":"<h2>Product description:<\/h2>\n<p>&nbsp;<\/p>\n<p><span style=\"font-weight: 400;\">Voss Fluid poolt v\u00e4lja t\u00f6\u00f6tatud l\u00f5ikurr\u00f5ngaga toruliitmikud. VOSS 24\u00b0 toruliitmikud on sertifitseeritud vastavalt ISO 8434-1 ja DIN 2353. Liitmikud on m\u00f5eldud kasutamiseks pea k\u00f5ikides mobiilsetes v\u00f5i statsionaarsetes h\u00fcdraulikarakendustes. VOSS toruliitmike s\u00fcsteeme iseloomustab lekkekindlus, v\u00e4ga hea korrosioonikaitsega pinnakate, vastupidavus vibratsioonidele ja r\u00f5huimpulssidele. T\u00f6\u00f6surve PN on kuni 80MPa\/800 bar olenevalt liitmikust, vaata t\u00e4pset t\u00f6\u00f6survet lisainformatsiooni alt. \u00dchendusi on v\u00f5imalik kinni-lahti monteerida rohkem kui \u00fcks kord. L\u00f5ikurr\u00f5nga koonus on 24\u00b0 ja vastab standardile ISO 3861-B.<\/span><b>\u00a0<\/b><\/p>\n<p>&nbsp;<\/p>\n","protected":false},"featured_media":98478,"comment_status":"closed","ping_status":"closed","template":"","meta":[],"product_brand":[],"product_cat":[51315,51312,42718],"product_tag":[],"class_list":{"0":"post-98475","1":"product","2":"type-product","3":"status-publish","4":"has-post-thumbnail","6":"product_cat-hydraulics-hydraulics-and-pneumatics","7":"product_cat-hydraulics-and-pneumatics","8":"product_cat-marine-supply","10":"first","11":"instock","12":"taxable","13":"shipping-taxable","14":"purchasable","15":"product-type-simple"},"_links":{"self":[{"href":"https:\/\/abilis.ee\/en\/wp-json\/wp\/v2\/product\/98475","targetHints":{"allow":["GET"]}}],"collection":[{"href":"https:\/\/abilis.ee\/en\/wp-json\/wp\/v2\/product"}],"about":[{"href":"https:\/\/abilis.ee\/en\/wp-json\/wp\/v2\/types\/product"}],"replies":[{"embeddable":true,"href":"https:\/\/abilis.ee\/en\/wp-json\/wp\/v2\/comments?post=98475"}],"wp:featuredmedia":[{"embeddable":true,"href":"https:\/\/abilis.ee\/en\/wp-json\/wp\/v2\/media\/98478"}],"wp:attachment":[{"href":"https:\/\/abilis.ee\/en\/wp-json\/wp\/v2\/media?parent=98475"}],"wp:term":[{"taxonomy":"product_brand","embeddable":true,"href":"https:\/\/abilis.ee\/en\/wp-json\/wp\/v2\/product_brand?post=98475"},{"taxonomy":"product_cat","embeddable":true,"href":"https:\/\/abilis.ee\/en\/wp-json\/wp\/v2\/product_cat?post=98475"},{"taxonomy":"product_tag","embeddable":true,"href":"https:\/\/abilis.ee\/en\/wp-json\/wp\/v2\/product_tag?post=98475"}],"curies":[{"name":"wp","href":"https:\/\/api.w.org\/{rel}","templated":true}]}}