{"id":48362,"date":"2018-11-14T04:03:44","date_gmt":"2018-11-14T02:03:44","guid":{"rendered":"https:\/\/abilis.ee\/product\/weber-m100-600\/"},"modified":"2020-09-22T03:03:58","modified_gmt":"2020-09-22T00:03:58","slug":"weber-m100-600","status":"publish","type":"product","link":"https:\/\/abilis.ee\/ru\/tovar\/weber-m100-600\/","title":{"rendered":"weber M100\/600"},"content":{"rendered":"<p>M\u00fc\u00fcrisegu kivimaterjalidest (Fibo, betoonplokk, poorbetoonplokk, tellised jms) m\u00fc\u00fcride ladumiseks.<\/p>\n","protected":false},"excerpt":{"rendered":"<p>M\u00fc\u00fcrisegu kivimaterjalidest (Fibo, betoonplokk, poorbetoonplokk, tellised jms) m\u00fc\u00fcride ladumiseks.<\/p>\n","protected":false},"featured_media":48363,"comment_status":"closed","ping_status":"closed","template":"","meta":[],"product_brand":[],"product_cat":[42107,42609],"product_tag":[],"class_list":{"0":"post-48362","1":"product","2":"type-product","3":"status-publish","4":"has-post-thumbnail","6":"product_cat-stroitelnye-materialy","7":"product_cat-stroitelnye-smesi","9":"first","10":"instock","11":"taxable","12":"shipping-taxable","13":"purchasable","14":"product-type-simple"},"_links":{"self":[{"href":"https:\/\/abilis.ee\/ru\/wp-json\/wp\/v2\/product\/48362","targetHints":{"allow":["GET"]}}],"collection":[{"href":"https:\/\/abilis.ee\/ru\/wp-json\/wp\/v2\/product"}],"about":[{"href":"https:\/\/abilis.ee\/ru\/wp-json\/wp\/v2\/types\/product"}],"replies":[{"embeddable":true,"href":"https:\/\/abilis.ee\/ru\/wp-json\/wp\/v2\/comments?post=48362"}],"wp:featuredmedia":[{"embeddable":true,"href":"https:\/\/abilis.ee\/ru\/wp-json\/wp\/v2\/media\/48363"}],"wp:attachment":[{"href":"https:\/\/abilis.ee\/ru\/wp-json\/wp\/v2\/media?parent=48362"}],"wp:term":[{"taxonomy":"product_brand","embeddable":true,"href":"https:\/\/abilis.ee\/ru\/wp-json\/wp\/v2\/product_brand?post=48362"},{"taxonomy":"product_cat","embeddable":true,"href":"https:\/\/abilis.ee\/ru\/wp-json\/wp\/v2\/product_cat?post=48362"},{"taxonomy":"product_tag","embeddable":true,"href":"https:\/\/abilis.ee\/ru\/wp-json\/wp\/v2\/product_tag?post=48362"}],"curies":[{"name":"wp","href":"https:\/\/api.w.org\/{rel}","templated":true}]}}